
{"id":4851,"date":"2022-11-14T14:06:22","date_gmt":"2022-11-14T13:06:22","guid":{"rendered":"https:\/\/www.technologiepgnig.pl\/?page_id=4851"},"modified":"2025-08-12T13:37:13","modified_gmt":"2025-08-12T11:37:13","slug":"movable-property","status":"publish","type":"page","link":"https:\/\/www.orlentechnologie.com.pl\/en\/sale-of-property\/movable-property\/","title":{"rendered":"Movable Property"},"content":{"rendered":"","protected":false},"excerpt":{"rendered":"","protected":false},"author":1,"featured_media":0,"parent":4918,"menu_order":0,"comment_status":"closed","ping_status":"closed","template":"ruchomosci.php","meta":{"_acf_changed":false,"inline_featured_image":false,"footnotes":""},"class_list":["post-4851","page","type-page","status-publish","hentry"],"acf":[],"yoast_head":"<!-- This site is optimized with the Yoast SEO plugin v27.3 - https:\/\/yoast.com\/product\/yoast-seo-wordpress\/ -->\n<title>Movable Property | ORLEN Technologie - Dostawca rozwi\u0105za\u0144 dla bran\u017cy oil&amp;gas<\/title>\n<meta name=\"robots\" content=\"index, follow, max-snippet:-1, max-image-preview:large, max-video-preview:-1\" \/>\n<link rel=\"canonical\" href=\"https:\/\/www.orlentechnologie.com.pl\/en\/sale-of-property\/movable-property\/\" \/>\n<meta property=\"og:locale\" content=\"en_US\" \/>\n<meta property=\"og:type\" content=\"article\" \/>\n<meta property=\"og:title\" content=\"Movable Property | ORLEN Technologie - Dostawca rozwi\u0105za\u0144 dla bran\u017cy oil&amp;gas\" \/>\n<meta property=\"og:url\" content=\"https:\/\/www.orlentechnologie.com.pl\/en\/sale-of-property\/movable-property\/\" \/>\n<meta property=\"og:site_name\" content=\"ORLEN Technologie - Dostawca rozwi\u0105za\u0144 dla bran\u017cy oil&amp;gas\" \/>\n<meta property=\"article:publisher\" content=\"https:\/\/www.facebook.com\/ORLENTechnologie\" \/>\n<meta property=\"article:modified_time\" content=\"2025-08-12T11:37:13+00:00\" \/>\n<meta name=\"twitter:card\" content=\"summary_large_image\" \/>\n<script type=\"application\/ld+json\" class=\"yoast-schema-graph\">{\"@context\":\"https:\\\/\\\/schema.org\",\"@graph\":[{\"@type\":\"WebPage\",\"@id\":\"https:\\\/\\\/www.orlentechnologie.com.pl\\\/en\\\/sale-of-property\\\/movable-property\\\/\",\"url\":\"https:\\\/\\\/www.orlentechnologie.com.pl\\\/en\\\/sale-of-property\\\/movable-property\\\/\",\"name\":\"Movable Property | ORLEN Technologie - Dostawca rozwi\u0105za\u0144 dla bran\u017cy oil&amp;gas\",\"isPartOf\":{\"@id\":\"https:\\\/\\\/www.orlentechnologie.com.pl\\\/#website\"},\"datePublished\":\"2022-11-14T13:06:22+00:00\",\"dateModified\":\"2025-08-12T11:37:13+00:00\",\"breadcrumb\":{\"@id\":\"https:\\\/\\\/www.orlentechnologie.com.pl\\\/en\\\/sale-of-property\\\/movable-property\\\/#breadcrumb\"},\"inLanguage\":\"en-US\",\"potentialAction\":[{\"@type\":\"ReadAction\",\"target\":[\"https:\\\/\\\/www.orlentechnologie.com.pl\\\/en\\\/sale-of-property\\\/movable-property\\\/\"]}]},{\"@type\":\"BreadcrumbList\",\"@id\":\"https:\\\/\\\/www.orlentechnologie.com.pl\\\/en\\\/sale-of-property\\\/movable-property\\\/#breadcrumb\",\"itemListElement\":[{\"@type\":\"ListItem\",\"position\":1,\"name\":\"Strona g\u0142\u00f3wna\",\"item\":\"https:\\\/\\\/www.orlentechnologie.com.pl\\\/en\\\/\"},{\"@type\":\"ListItem\",\"position\":2,\"name\":\"Sale of property\",\"item\":\"https:\\\/\\\/www.orlentechnologie.com.pl\\\/sprzedaz-mienia\\\/\"},{\"@type\":\"ListItem\",\"position\":3,\"name\":\"Movable Property\"}]},{\"@type\":\"WebSite\",\"@id\":\"https:\\\/\\\/www.orlentechnologie.com.pl\\\/#website\",\"url\":\"https:\\\/\\\/www.orlentechnologie.com.pl\\\/\",\"name\":\"ORLEN Technologie - Dostawca rozwi\u0105za\u0144 dla bran\u017cy oil&gas\",\"description\":\"ORLEN Technologie - Dostawca rozwi\u0105za\u0144 dla bran\u017cy oil&amp;gas\",\"publisher\":{\"@id\":\"https:\\\/\\\/www.orlentechnologie.com.pl\\\/#organization\"},\"potentialAction\":[{\"@type\":\"SearchAction\",\"target\":{\"@type\":\"EntryPoint\",\"urlTemplate\":\"https:\\\/\\\/www.orlentechnologie.com.pl\\\/?s={search_term_string}\"},\"query-input\":{\"@type\":\"PropertyValueSpecification\",\"valueRequired\":true,\"valueName\":\"search_term_string\"}}],\"inLanguage\":\"en-US\"},{\"@type\":\"Organization\",\"@id\":\"https:\\\/\\\/www.orlentechnologie.com.pl\\\/#organization\",\"name\":\"Orlen Technologie S.A.\",\"url\":\"https:\\\/\\\/www.orlentechnologie.com.pl\\\/\",\"logo\":{\"@type\":\"ImageObject\",\"inLanguage\":\"en-US\",\"@id\":\"https:\\\/\\\/www.orlentechnologie.com.pl\\\/#\\\/schema\\\/logo\\\/image\\\/\",\"url\":\"https:\\\/\\\/www.orlentechnologie.com.pl\\\/wp-content\\\/uploads\\\/2025\\\/01\\\/LOGOTYP_PION_POZYTYW.jpg\",\"contentUrl\":\"https:\\\/\\\/www.orlentechnologie.com.pl\\\/wp-content\\\/uploads\\\/2025\\\/01\\\/LOGOTYP_PION_POZYTYW.jpg\",\"width\":842,\"height\":595,\"caption\":\"Orlen Technologie S.A.\"},\"image\":{\"@id\":\"https:\\\/\\\/www.orlentechnologie.com.pl\\\/#\\\/schema\\\/logo\\\/image\\\/\"},\"sameAs\":[\"https:\\\/\\\/www.facebook.com\\\/ORLENTechnologie\",\"https:\\\/\\\/pl.linkedin.com\\\/company\\\/pgnig-technologie-s-a-\",\"https:\\\/\\\/pl.wikipedia.org\\\/wiki\\\/Orlen_Technologie\"]}]}<\/script>\n<!-- \/ Yoast SEO plugin. -->","yoast_head_json":{"title":"Movable Property | ORLEN Technologie - Dostawca rozwi\u0105za\u0144 dla bran\u017cy oil&amp;gas","robots":{"index":"index","follow":"follow","max-snippet":"max-snippet:-1","max-image-preview":"max-image-preview:large","max-video-preview":"max-video-preview:-1"},"canonical":"https:\/\/www.orlentechnologie.com.pl\/en\/sale-of-property\/movable-property\/","og_locale":"en_US","og_type":"article","og_title":"Movable Property | ORLEN Technologie - Dostawca rozwi\u0105za\u0144 dla bran\u017cy oil&amp;gas","og_url":"https:\/\/www.orlentechnologie.com.pl\/en\/sale-of-property\/movable-property\/","og_site_name":"ORLEN Technologie - Dostawca rozwi\u0105za\u0144 dla bran\u017cy oil&amp;gas","article_publisher":"https:\/\/www.facebook.com\/ORLENTechnologie","article_modified_time":"2025-08-12T11:37:13+00:00","twitter_card":"summary_large_image","schema":{"@context":"https:\/\/schema.org","@graph":[{"@type":"WebPage","@id":"https:\/\/www.orlentechnologie.com.pl\/en\/sale-of-property\/movable-property\/","url":"https:\/\/www.orlentechnologie.com.pl\/en\/sale-of-property\/movable-property\/","name":"Movable Property | ORLEN Technologie - Dostawca rozwi\u0105za\u0144 dla bran\u017cy oil&amp;gas","isPartOf":{"@id":"https:\/\/www.orlentechnologie.com.pl\/#website"},"datePublished":"2022-11-14T13:06:22+00:00","dateModified":"2025-08-12T11:37:13+00:00","breadcrumb":{"@id":"https:\/\/www.orlentechnologie.com.pl\/en\/sale-of-property\/movable-property\/#breadcrumb"},"inLanguage":"en-US","potentialAction":[{"@type":"ReadAction","target":["https:\/\/www.orlentechnologie.com.pl\/en\/sale-of-property\/movable-property\/"]}]},{"@type":"BreadcrumbList","@id":"https:\/\/www.orlentechnologie.com.pl\/en\/sale-of-property\/movable-property\/#breadcrumb","itemListElement":[{"@type":"ListItem","position":1,"name":"Strona g\u0142\u00f3wna","item":"https:\/\/www.orlentechnologie.com.pl\/en\/"},{"@type":"ListItem","position":2,"name":"Sale of property","item":"https:\/\/www.orlentechnologie.com.pl\/sprzedaz-mienia\/"},{"@type":"ListItem","position":3,"name":"Movable Property"}]},{"@type":"WebSite","@id":"https:\/\/www.orlentechnologie.com.pl\/#website","url":"https:\/\/www.orlentechnologie.com.pl\/","name":"ORLEN Technologie - Dostawca rozwi\u0105za\u0144 dla bran\u017cy oil&gas","description":"ORLEN Technologie - Dostawca rozwi\u0105za\u0144 dla bran\u017cy oil&amp;gas","publisher":{"@id":"https:\/\/www.orlentechnologie.com.pl\/#organization"},"potentialAction":[{"@type":"SearchAction","target":{"@type":"EntryPoint","urlTemplate":"https:\/\/www.orlentechnologie.com.pl\/?s={search_term_string}"},"query-input":{"@type":"PropertyValueSpecification","valueRequired":true,"valueName":"search_term_string"}}],"inLanguage":"en-US"},{"@type":"Organization","@id":"https:\/\/www.orlentechnologie.com.pl\/#organization","name":"Orlen Technologie S.A.","url":"https:\/\/www.orlentechnologie.com.pl\/","logo":{"@type":"ImageObject","inLanguage":"en-US","@id":"https:\/\/www.orlentechnologie.com.pl\/#\/schema\/logo\/image\/","url":"https:\/\/www.orlentechnologie.com.pl\/wp-content\/uploads\/2025\/01\/LOGOTYP_PION_POZYTYW.jpg","contentUrl":"https:\/\/www.orlentechnologie.com.pl\/wp-content\/uploads\/2025\/01\/LOGOTYP_PION_POZYTYW.jpg","width":842,"height":595,"caption":"Orlen Technologie S.A."},"image":{"@id":"https:\/\/www.orlentechnologie.com.pl\/#\/schema\/logo\/image\/"},"sameAs":["https:\/\/www.facebook.com\/ORLENTechnologie","https:\/\/pl.linkedin.com\/company\/pgnig-technologie-s-a-","https:\/\/pl.wikipedia.org\/wiki\/Orlen_Technologie"]}]}},"_links":{"self":[{"href":"https:\/\/www.orlentechnologie.com.pl\/en\/wp-json\/wp\/v2\/pages\/4851","targetHints":{"allow":["GET"]}}],"collection":[{"href":"https:\/\/www.orlentechnologie.com.pl\/en\/wp-json\/wp\/v2\/pages"}],"about":[{"href":"https:\/\/www.orlentechnologie.com.pl\/en\/wp-json\/wp\/v2\/types\/page"}],"author":[{"embeddable":true,"href":"https:\/\/www.orlentechnologie.com.pl\/en\/wp-json\/wp\/v2\/users\/1"}],"replies":[{"embeddable":true,"href":"https:\/\/www.orlentechnologie.com.pl\/en\/wp-json\/wp\/v2\/comments?post=4851"}],"version-history":[{"count":6,"href":"https:\/\/www.orlentechnologie.com.pl\/en\/wp-json\/wp\/v2\/pages\/4851\/revisions"}],"predecessor-version":[{"id":5900,"href":"https:\/\/www.orlentechnologie.com.pl\/en\/wp-json\/wp\/v2\/pages\/4851\/revisions\/5900"}],"up":[{"embeddable":true,"href":"https:\/\/www.orlentechnologie.com.pl\/en\/wp-json\/wp\/v2\/pages\/4918"}],"wp:attachment":[{"href":"https:\/\/www.orlentechnologie.com.pl\/en\/wp-json\/wp\/v2\/media?parent=4851"}],"curies":[{"name":"wp","href":"https:\/\/api.w.org\/{rel}","templated":true}]}}